{"id":1669,"date":"2024-10-22T10:41:46","date_gmt":"2024-10-22T07:41:46","guid":{"rendered":"https:\/\/kirjallisuuskalenteri.fi\/?page_id=1669"},"modified":"2024-11-12T16:47:02","modified_gmt":"2024-11-12T13:47:02","slug":"terms-of-service-and-privacy-notice","status":"publish","type":"page","link":"https:\/\/kirjallisuuskalenteri.fi\/en\/terms-of-service-and-privacy-notice\/","title":{"rendered":"Terms of service and privacy notice"},"content":{"rendered":"<div class=\"wpb-content-wrapper\"><p>[vc_row][vc_column width=&#8221;1\/6&#8243;][\/vc_column][vc_column width=&#8221;2\/3&#8243;][vc_empty_space][vc_column_text css=&#8221;&#8221;]<\/p>\n<h1>K\u00c4YTT\u00d6EHDOT JA TIETOSUOJAK\u00c4YT\u00c4NT\u00d6<\/h1>\n<p>[\/vc_column_text][vc_column_text css=&#8221;&#8221;]T\u00e4lt\u00e4 sivulta l\u00f6yd\u00e4t tietosuojak\u00e4yt\u00e4neen joka koskettaa kaikkia palvelun k\u00e4ytt\u00e4ji\u00e4 ja tapahtumanj\u00e4rjest\u00e4ji\u00e4 koskevan rekisteriselosteen sek\u00e4 k\u00e4ytt\u00f6ehdot.[\/vc_column_text][vc_empty_space][\/vc_column][vc_column width=&#8221;1\/6&#8243;][\/vc_column][\/vc_row][vc_row][vc_column width=&#8221;1\/6&#8243;][\/vc_column][vc_column width=&#8221;2\/3&#8243;][vc_column_text css=&#8221;&#8221;]<\/p>\n<h2><strong>KIRJALLISUUSKALENTERI.FI-PALVELUN K\u00c4YTT\u00d6EHDOT <\/strong><\/h2>\n<p>Versio 1, julkaistu 14.10.2024<\/p>\n<ol>\n<li>PALVELUN SIS\u00c4LT\u00d6 JA K\u00c4YTT\u00d6EHDOT<\/li>\n<\/ol>\n<p>Tekstin talon (j\u00e4ljemp\u00e4n\u00e4 &#8220;Palvelun tarjoaja&#8221;) yll\u00e4pit\u00e4m\u00e4 Kirjallisuuskalenteri.fi on keskitetysti yll\u00e4pidetty verkkopalvelu, jota k\u00e4ytet\u00e4\u00e4n internet-selaimella. Palvelu on tarkoitettu kirjallisuus- ja tekstialan tapahtumia ja koulutuksia j\u00e4rjest\u00e4ville yhteis\u00f6ille, kuten kirjallisuusyhdistyksille, kustantamoille, kirjakaupoille, kirjastoille ja oppilaitoksille. Palveluun kuuluu mm. k\u00e4ytt\u00e4j\u00e4n yksityinen k\u00e4ytt\u00e4j\u00e4tili (tilitiedot) ja julkinen tapahtumanj\u00e4rjest\u00e4j\u00e4n profiili (omat profiilit) sek\u00e4 yleis\u00f6lle suunnattu tapahtumakalenteri hakutoimintoineen. N\u00e4it\u00e4 k\u00e4ytt\u00f6ehtoja sovelletaan yll\u00e4 kuvatun palvelun (j\u00e4ljemp\u00e4n\u00e4 &#8220;Palvelu&#8221;) k\u00e4ytt\u00f6\u00f6n. K\u00e4ytt\u00f6ehdoissa s\u00e4\u00e4dell\u00e4\u00e4n Palvelun tarjoajan ja palvelun k\u00e4ytt\u00e4jien (j\u00e4ljemp\u00e4n\u00e4 my\u00f6s \u201dK\u00e4ytt\u00e4j\u00e4\u201d) v\u00e4list\u00e4 suhdetta. Oikeudet Palveluun omistaa Palvelun tarjoaja ja K\u00e4ytt\u00e4j\u00e4lle my\u00f6nnet\u00e4\u00e4n n\u00e4iden k\u00e4ytt\u00f6ehtojen mukainen k\u00e4ytt\u00f6oikeus Palveluun. Rekister\u00f6itym\u00e4ll\u00e4 Palveluun ja\/tai Palvelua k\u00e4ytt\u00e4m\u00e4ll\u00e4 K\u00e4ytt\u00e4j\u00e4 hyv\u00e4ksyy n\u00e4m\u00e4 ehdot sek\u00e4 sitoutuu noudattamaan niit\u00e4. Mik\u00e4li K\u00e4ytt\u00e4j\u00e4 ei hyv\u00e4ksy n\u00e4it\u00e4 ehtoja, h\u00e4n ei voi k\u00e4ytt\u00e4\u00e4 Palvelua. Edelleen K\u00e4ytt\u00e4j\u00e4n tulee noudattaa Palvelua k\u00e4ytt\u00e4ess\u00e4\u00e4n Suomen lakia, muita soveltuvia s\u00e4\u00e4nn\u00f6ksi\u00e4 ja hyv\u00e4\u00e4 tapaa.<\/p>\n<ol start=\"2\">\n<li>TIETOSUOJA<\/li>\n<\/ol>\n<p>Palvelun tarjoaja noudattaa henkil\u00f6tietojen k\u00e4sittelyss\u00e4 Suomen lakia. Tarkemmat tiedot henkil\u00f6tietojen k\u00e4sittelyst\u00e4 l\u00f6ytyv\u00e4t rekisteriselosteesta, joka Palveluun rekister\u00f6ityv\u00e4n K\u00e4ytt\u00e4j\u00e4n tulee lukea.<\/p>\n<ol start=\"3\">\n<li>REKISTER\u00d6ITYMINEN JA K\u00c4YTT\u00c4J\u00c4TUNNUS<\/li>\n<\/ol>\n<p>Kullakin Palvelun k\u00e4ytt\u00e4j\u00e4ll\u00e4 voi olla ainoastaan yksi k\u00e4ytt\u00e4j\u00e4tili. K\u00e4ytt\u00e4j\u00e4n rekister\u00f6ityess\u00e4 Palveluun h\u00e4nen tulee antaa rekister\u00f6itymislomakkeessa vaaditut yksil\u00f6intitiedot. K\u00e4ytt\u00e4j\u00e4 saa Palvelun k\u00e4ytt\u00f6\u00e4 varten haltuunsa salasanan ja k\u00e4ytt\u00e4j\u00e4tunnuksen, joiden avulla K\u00e4ytt\u00e4j\u00e4 voi kirjautua Palveluun. K\u00e4ytt\u00e4j\u00e4tiliin liittyv\u00e4 k\u00e4ytt\u00e4j\u00e4tunnus ei saa sis\u00e4lt\u00e4\u00e4 loukkaavia tai rikolliseen toimintaan kehottavia ilmaisuja ja sen tulee muutoinkin olla hyvien tapojen mukainen.<\/p>\n<p>K\u00e4ytt\u00e4j\u00e4n on Palveluun rekister\u00f6ityess\u00e4\u00e4n sek\u00e4 Palvelua k\u00e4ytt\u00e4ess\u00e4\u00e4n ilmoitettava kaikki K\u00e4ytt\u00e4j\u00e4lt\u00e4 edellytetyt tiedot totuudenmukaisesti ja oikein sek\u00e4 p\u00e4ivitett\u00e4v\u00e4 mahdollisesti muuttuneet tiedot. Palvelun tarjoaja voi k\u00e4ytt\u00e4\u00e4 n\u00e4iden k\u00e4ytt\u00f6ehtojen kohdan 10 mukaista oikeuttaan lukita tai poistaa K\u00e4ytt\u00e4j\u00e4n k\u00e4ytt\u00e4j\u00e4tili, jos K\u00e4ytt\u00e4j\u00e4 on pyrkinyt erehdytt\u00e4m\u00e4\u00e4n Palvelun tarjoajaa.<\/p>\n<p>K\u00e4ytt\u00e4j\u00e4t ovat vastuussa omalla k\u00e4ytt\u00e4j\u00e4tilill\u00e4\u00e4n tehdyist\u00e4 toiminnoista. K\u00e4ytt\u00e4j\u00e4tunnus ja salasana ovat toimijakohtaisia, eik\u00e4 niit\u00e4 saa luovuttaa ulkopuolisille. Jos salasana tai k\u00e4ytt\u00e4j\u00e4tunnus joutuu ulkopuolisten tietoon, K\u00e4ytt\u00e4j\u00e4n tulee ilmoittaa asiasta v\u00e4litt\u00f6m\u00e4sti Palvelun tarjoajalle.<\/p>\n<ol start=\"4\">\n<li>TIETOJEN S\u00c4ILYTYS JA VARMUUSKOPIOINTI<\/li>\n<\/ol>\n<p>Palvelun k\u00e4ytt\u00e4j\u00e4 voi tallentaa materiaalia Palvelun tarjoajan palvelimelle. Palvelun tarjoaja ei kuitenkaan takaa tallennettujen tietojen s\u00e4ilyvyytt\u00e4 eik\u00e4 vastaa tietojen muuttumisesta, katoamisesta, tuhoutumisesta tai poistamisesta mahdollisesti aiheutuvista vahingoista. Tietojen s\u00e4ilytt\u00e4miseksi Palvelun k\u00e4ytt\u00e4j\u00e4 on velvollinen itse huolehtimaan palveluntarjoajan palvelimelle tallennettujen tietojen ja aineistojen varmuuskopioiden tallentamisesta itselleen.<\/p>\n<ol start=\"5\">\n<li>VASTUU PALVELUN K\u00c4YT\u00d6ST\u00c4 JA K\u00c4YTT\u00c4J\u00c4N V\u00c4LITT\u00c4M\u00c4ST\u00c4 SIS\u00c4LL\u00d6ST\u00c4<\/li>\n<\/ol>\n<p>Palvelun k\u00e4ytt\u00e4j\u00e4 on itse vastuussa kaikesta materiaalista, jonka h\u00e4n tallentaa Palveluun ja\/tai saattaa Palvelua hyv\u00e4ksi k\u00e4ytt\u00e4en muiden saataville (mm. lataamalla materiaali Palveluun, k\u00e4ytt\u00e4m\u00e4ll\u00e4 erilaisia linkitysmenetelmi\u00e4 sek\u00e4 muilla mahdollisilla tavoilla). Palvelun tarjoaja ei aktiivisesti tarkasta k\u00e4ytt\u00e4jien Palveluun toimittamaa materiaalia, eik\u00e4 siksi ota vastuuta materiaalin sis\u00e4ll\u00f6st\u00e4. Palvelun avulla ei saa v\u00e4litt\u00e4\u00e4 eik\u00e4 Palvelun tarjoajan palvelimelle saa tallentaa materiaalia:<\/p>\n<p>&#8211; joka loukkaa ulkopuolisten (ns. kolmansien tahojen) tekij\u00e4n- tai muita oikeuksia<br \/>\n&#8211; jolla loukataan, halvennetaan, h\u00e4irit\u00e4\u00e4n tai uhkaillaan jotakuta<br \/>\n&#8211; joka haittaa palvelun toimivuutta, esimerkiksi tapahtumien valittujen ominaisuuksien tulee olla tosiasiallisia, eik\u00e4 kaikkia mahdollisia tapahtuman ominaisuuksia voi valita n\u00e4kyvyyden lis\u00e4\u00e4miseksi<br \/>\n&#8211; joka on muuten Suomessa voimassa olevan oikeuden tai hyv\u00e4n tavan vastaista.<\/p>\n<p>Jokaisen Palvelun k\u00e4ytt\u00e4j\u00e4n, joka huomaa Palveluun lis\u00e4tyn n\u00e4iden k\u00e4ytt\u00f6ehtojen vastaista materiaalia tai huomaa Palvelua k\u00e4ytetyn muutoin n\u00e4iden k\u00e4ytt\u00f6ehtojen vastaisesti, tulee ilmoittaa t\u00e4st\u00e4 v\u00e4litt\u00f6m\u00e4sti Palvelun tarjoajalle.<\/p>\n<ol start=\"6\">\n<li>OIKEUDET K\u00c4YTT\u00c4J\u00c4N LUOMAAN SIS\u00c4LT\u00d6\u00d6N<\/li>\n<\/ol>\n<p>N\u00e4ill\u00e4 k\u00e4ytt\u00f6ehdoilla ei ole vaikutusta K\u00e4ytt\u00e4j\u00e4n Palveluun toimittaman materiaalin omistusoikeuteen, vaan oikeudet s\u00e4ilyv\u00e4t niiden laillisilla haltijoilla. Palvelun tarjoaja ei saa n\u00e4iden k\u00e4ytt\u00f6ehtojen nojalla edell\u00e4 mainittuun materiaaliin muita oikeuksia kuin mit\u00e4 Palvelun tarjoaja tarvitsee Palvelun toteuttamiseksi k\u00e4ytt\u00f6ehtojen mukaisesti.<\/p>\n<p>Edelleen Palvelun tarjoaja voi k\u00e4ytt\u00e4\u00e4 kohdassa 10 (\u201dK\u00e4ytt\u00f6ehtojen vastaisen toiminnan seuraukset\u201d) mainittuja oikeuksiaan (mm. poistaa k\u00e4ytt\u00f6ehtojen vastainen materiaali Palvelusta).<\/p>\n<ol start=\"7\">\n<li>K\u00c4YTT\u00d6EHTOJEN MUUTTAMINEN<\/li>\n<\/ol>\n<p>Palvelun tarjoajalla on oikeus yksipuolisesti muuttaa n\u00e4it\u00e4 k\u00e4ytt\u00f6ehtoja milloin tahansa. K\u00e4ytt\u00f6ehtojen muutoksista tiedotetaan erikseen sopivaksi katsottavalla tavalla. Palvelun k\u00e4ytt\u00e4j\u00e4 hyv\u00e4ksyy muuttuneet k\u00e4ytt\u00f6ehdot k\u00e4ytt\u00e4m\u00e4ll\u00e4 Palvelua sen j\u00e4lkeen, kun h\u00e4nt\u00e4 on informoitu muuttuneista k\u00e4ytt\u00f6ehdoista.<\/p>\n<ol start=\"8\">\n<li>PALVELUN YLL\u00c4PITO JA P\u00c4IVITYKSET<\/li>\n<\/ol>\n<p>Palvelun tarjoaja pyrkii tuottamaan mahdollisimman toimintavarman Palvelun ja Palvelu onkin l\u00e4ht\u00f6kohtaisesti k\u00e4ytett\u00e4viss\u00e4 24 tuntia vuorokaudessa. Palvelun tarjoaja ei kuitenkaan anna takuita Palvelun toiminnasta tai ominaisuuksista.<\/p>\n<p>Palvelun tarjoaja pyrkii kehitt\u00e4m\u00e4\u00e4n Palvelua jatkuvasti ja t\u00e4m\u00e4n vuoksi Palveluun voidaan tehd\u00e4 muutoksia. Palvelun k\u00e4ytt\u00e4j\u00e4 ymm\u00e4rt\u00e4\u00e4 ja hyv\u00e4ksyy, ett\u00e4 Palvelun kehitt\u00e4minen, muuttaminen ja lopettaminen osittain tai kokonaan ovat Palvelun tarjoajan yksinomaisessa p\u00e4\u00e4t\u00e4nt\u00e4vallassa.<\/p>\n<ol start=\"9\">\n<li>PALVELUN K\u00c4YTT\u00d6KATKOKSET<\/li>\n<\/ol>\n<p>Palvelun tarjoaja ei vastaa vahingoista, jotka johtuvat teknisten vikojen, huoltot\u00f6iden, p\u00e4ivitysten, tietoliikenneverkon, Internet-verkon katkosten tai muiden mahdollisten seikkojen aiheuttamista Palvelun toimintakatkoksista.<\/p>\n<ol start=\"10\">\n<li>K\u00c4YTT\u00d6EHTOJEN VASTAISEN TOIMINNAN SEURAUKSET<\/li>\n<\/ol>\n<p>Palvelun tarjoajalla on oikeus poistaa Palvelussa oleva tai est\u00e4\u00e4 Palvelua hyv\u00e4ksi k\u00e4ytt\u00e4en jaettu materiaali, joka Palvelun tarjoajan arvion mukaan rikkoo n\u00e4iss\u00e4 k\u00e4ytt\u00f6ehdoissa mainittuja s\u00e4\u00e4nt\u00f6j\u00e4 ja periaatteita.<\/p>\n<p>Lis\u00e4ksi Palvelun tarjoajalla on oikeus lukita tai poistaa Palvelun k\u00e4ytt\u00e4j\u00e4n k\u00e4ytt\u00e4j\u00e4tili, jos K\u00e4ytt\u00e4j\u00e4 rikkoo n\u00e4ist\u00e4 k\u00e4ytt\u00f6ehdoista johtuvia velvoitteitaan (esimerkiksi lis\u00e4\u00e4m\u00e4ll\u00e4 Palveluun k\u00e4ytt\u00f6ehtojen vastaista materiaalia, k\u00e4ytt\u00e4m\u00e4ll\u00e4 Palvelua hyvien tapojen vastaisesti tai muulla vastaavalla tavalla).<\/p>\n<p>Saatuaan tiedon rikkomuksesta Palvelun tarjoaja voi lukita k\u00e4ytt\u00e4j\u00e4tilin\/tunnuksen v\u00e4litt\u00f6m\u00e4sti. T\u00e4ll\u00f6in rikkomukseen syyllistynyt Palvelun k\u00e4ytt\u00e4j\u00e4 ei p\u00e4\u00e4se en\u00e4\u00e4 kirjautumaan k\u00e4ytt\u00e4j\u00e4tililleen. T\u00e4ss\u00e4 tapauksessa Palvelun k\u00e4ytt\u00e4j\u00e4\u00e4 pyydet\u00e4\u00e4n olemaan yhteydess\u00e4 Palvelun tarjoajaan asian selvitt\u00e4miseksi.<\/p>\n<ol start=\"11\">\n<li>K\u00c4YTT\u00c4J\u00c4TILIN LUKITSEMINEN\/POISTAMINEN MUULLA KUIN K\u00c4YTT\u00d6EHTOJEN RIKKOMISEN PERUSTEELLA<\/li>\n<\/ol>\n<p>Kohdassa 10 mainitun lis\u00e4ksi Palvelun tarjoajalla on oikeus lukita k\u00e4ytt\u00e4j\u00e4tili\/tunnus seuraavien edellytysten t\u00e4yttyess\u00e4:<\/p>\n<p>&#8211; K\u00e4ytt\u00e4j\u00e4 ei ole kirjautunut k\u00e4ytt\u00e4j\u00e4tililleen\/ k\u00e4ytt\u00e4nyt tunnustaan 12 kuukauteen ja &#8211; yll\u00e4 mainitusta seikasta on ilmoitettu K\u00e4ytt\u00e4j\u00e4lle K\u00e4ytt\u00e4j\u00e4n palvelun yhteystietoihin antamaan s\u00e4hk\u00f6postiosoitteeseen ja K\u00e4ytt\u00e4j\u00e4\u00e4 on pyydetty vastaamaan ilmoitukseen siin\u00e4 erikseen mainitulla tavalla; ja<br \/>\n&#8211; K\u00e4ytt\u00e4j\u00e4 ei vastaa viestiin 90 vuorokauden kuluessa ilmoituksen l\u00e4hett\u00e4misest\u00e4 lukien.<\/p>\n<p>Jos Palvelun tarjoaja ei saa yhteydenottoa 180 vuorokauden sis\u00e4ll\u00e4 k\u00e4ytt\u00e4j\u00e4tilin\/tunnuksen lukitsemisesta, k\u00e4ytt\u00e4j\u00e4tili\/tunnus voidaan poistaa j\u00e4rjestelm\u00e4st\u00e4 kokonaan.<\/p>\n<ol start=\"12\">\n<li>SOVELLETTAVA LAKI JA RIIDANRATKAISU<\/li>\n<\/ol>\n<p>N\u00e4ihin ehtoihin sovelletaan Suomen lakia. Ehdoista aiheutuvat erimielisyydet pyrit\u00e4\u00e4n ensisijaisesti ratkaisemaan neuvottelemalla. Mik\u00e4li sovintoon ei p\u00e4\u00e4st\u00e4 neuvotteluin, riita ratkaistaan Helsingin k\u00e4r\u00e4j\u00e4oikeudessa.[\/vc_column_text][\/vc_column][vc_column width=&#8221;1\/6&#8243;][\/vc_column][\/vc_row][vc_row][vc_column width=&#8221;1\/6&#8243;][\/vc_column][vc_column width=&#8221;2\/3&#8243;][vc_empty_space][vc_column_text css=&#8221;&#8221;]<\/p>\n<h2>TIETOSUOJAK\u00c4YT\u00c4NT\u00d6 JA REKISTERISELOSTE<\/h2>\n<p>[\/vc_column_text][\/vc_column][vc_column width=&#8221;1\/6&#8243;][\/vc_column][\/vc_row][vc_row][vc_column width=&#8221;1\/6&#8243;][\/vc_column][vc_column width=&#8221;2\/3&#8243;][vc_column_text css=&#8221;&#8221;]Sivustolla k\u00e4ytet\u00e4\u00e4n pakollisia toiminnallisia ev\u00e4steit\u00e4.<\/p>\n<h2>Mit\u00e4 ovat ev\u00e4steet?<\/h2>\n<p>Ev\u00e4steet ovat tekstitiedostoja, joita tallennetaan p\u00e4\u00e4telaitteelle verkkosivustoja k\u00e4ytett\u00e4ess\u00e4. Ev\u00e4steisiin tallennetaan tietoja sivuston k\u00e4yt\u00f6n aikana ja k\u00e4ytt\u00f6kertojen v\u00e4lill\u00e4. N\u00e4iden avulla pystyt\u00e4\u00e4n varmistamaan digitaalisten palveluiden tekninen toimivuus.<\/p>\n<h2>V\u00e4ltt\u00e4m\u00e4tt\u00f6m\u00e4t toiminnalliset ev\u00e4steet<\/h2>\n<p>V\u00e4ltt\u00e4m\u00e4tt\u00f6mill\u00e4 ev\u00e4steill\u00e4 mahdollistetaan sivun tai palvelun k\u00e4ytt\u00e4misen kannalta v\u00e4ltt\u00e4m\u00e4tt\u00f6mi\u00e4 toiminnallisuuksia, kuten kirjautuminen, k\u00e4ytt\u00e4j\u00e4n muistaminen sivulta toiselle siirtyess\u00e4. V\u00e4ltt\u00e4m\u00e4tt\u00f6m\u00e4t ev\u00e4steet ovat useimmiten palvelun tarjoajan itsens\u00e4 asettamia ja istuntokohtaisia. V\u00e4ltt\u00e4m\u00e4tt\u00f6mien ev\u00e4steiden k\u00e4ytt\u00f6\u00f6n ei tarvitse lain mukaan pyyt\u00e4\u00e4 suostumusta.<\/p>\n<h3>Kirjautuminen, salasanan palautus ja rekister\u00f6ityminen<\/h3>\n<p>N\u00e4m\u00e4 toiminnallisuudet varmentavat, ett\u00e4 k\u00e4ytt\u00e4j\u00e4 on ihminen eik\u00e4 botti k\u00e4ytt\u00e4m\u00e4ll\u00e4 Googlen reCAPTCHA toiminnallisuutta. Kyseisen kent\u00e4n yhteydess\u00e4 l\u00f6ytyy linkki Googlen tietoj\u00e4n k\u00e4sittelyyn.<\/p>\n<h1>REKISTERISELOSTE<\/h1>\n<p><strong>Henkil\u00f6tietolaki (523\/99) 10 \u00a7<\/strong><\/p>\n<p><strong>1. Rekisterinpit\u00e4j\u00e4<br \/>\n<\/strong><\/p>\n<p>Tekstin talo &#8211; Textens hus ry<br \/>\n<span aria-hidden=\"true\">3091095-3<\/span><br \/>\nLintulahdenkatu 3 00530 HELSINKI<\/p>\n<p><strong>2. Rekisteriasioista vastaava henkil\u00f6<\/strong><\/p>\n<p>Laura Serkosalo<br \/>\ntuki@kirjallisuuskalenteri.fi<\/p>\n<p><strong>3. Rekisterin nimi<\/strong><\/p>\n<p>Kirjallisuuskalenteri.fi tapahtumanj\u00e4rjest\u00e4j\u00e4rekisteri<\/p>\n<p><strong>4. Rekisterin k\u00e4ytt\u00f6tarkoitus<\/strong><\/p>\n<p>Mahdollistaa kolmannen tapahtumanj\u00e4rjest\u00e4j\u00e4 tahon tapahtumailmoitusten julkaisu kirjallisuuskalenteri.fi -palvelussa.<\/p>\n<p><strong>5. Rekisterin tietosis\u00e4lt\u00f6 ja tietol\u00e4hteet<\/strong><\/p>\n<p><strong>K\u00e4ytt\u00e4j\u00e4n antamat tiedot<\/strong>, jotka ker\u00e4t\u00e4\u00e4n liittymisen yhteydess\u00e4 ja p\u00e4ivitet\u00e4\u00e4n my\u00f6hemmin. N\u00e4m\u00e4 tiedot ovat vain palveluntarjoajan k\u00e4yt\u00f6ss\u00e4.<br \/>\n\u2013 Nimi<br \/>\n\u2013 S\u00e4hk\u00f6postiosoite<br \/>\n\u2013 Puhelinnumero<\/p>\n<p>N\u00e4iden lis\u00e4ksi j\u00e4rjest\u00e4j\u00e4 voi tallentaa tietoihinta muita henkil\u00f6tietoja selaajien k\u00e4ytt\u00f6\u00f6n.<\/p>\n<p><strong>6. S\u00e4\u00e4nn\u00f6nmukaiset tietojen luovutukset ja tietojen siirto EU:n tai Euroopan talousalueen ulkopuolelle<\/strong><\/p>\n<p>Tietoja ei luovuteta eik\u00e4 niit\u00e4 siirret\u00e4 EU:n ulkopuolelle.<\/p>\n<p><strong>7. Henkil\u00f6tietojen k\u00e4sittelyn perusteet<br \/>\n<\/strong><\/p>\n<p><strong>Suostumus<\/strong>: Rekister\u00f6ityess\u00e4 tapahtumanj\u00e4rjest\u00e4j\u00e4 hyv\u00e4ksyv\u00e4t tietojensa tallentamisen edellytyksen\u00e4 tilin luomiseksi. Henkil\u00f6tietoja tarvitaan palvelun tarkoituksen mukaisen k\u00e4yt\u00f6n varmistamiseksi.<\/p>\n<p><strong>8. Rekisterin suojauksen periaatteet<\/strong><br \/>\nRekisterin tiedot on tallennettu rekisterinpit\u00e4j\u00e4n j\u00e4rjestelm\u00e4ss\u00e4, joka on suojattu k\u00e4ytt\u00f6j\u00e4rjestelm\u00e4n suojausohjelmiston avulla. J\u00e4rjestelm\u00e4\u00e4n sis\u00e4\u00e4np\u00e4\u00e4sy edellytt\u00e4\u00e4 k\u00e4ytt\u00e4j\u00e4tunnuksen ja salasanan sy\u00f6tt\u00e4mist\u00e4. J\u00e4rjestelm\u00e4 on my\u00f6s suojattu palomuurien ja muiden teknisten keinojen avulla. J\u00e4rjestelm\u00e4\u00e4n tallennettuihin rekisterin sis\u00e4lt\u00e4miin tietoihin p\u00e4\u00e4sev\u00e4t ja niit\u00e4 ovat oikeutettuja k\u00e4ytt\u00e4m\u00e4\u00e4n vain tietyt, ennalta m\u00e4\u00e4ritellyt rekisterinpit\u00e4j\u00e4n ty\u00f6ntekij\u00e4t.<\/p>\n<p><strong>9. Tarkastusoikeus, tarkastusoikeuden toteuttaminen ja kielto-oikeus<\/strong><br \/>\nRekister\u00f6idyll\u00e4 on oikeus tarkastaa mit\u00e4 tietoja h\u00e4nest\u00e4 on talletettu rekisteriin, korjata rekisteriss\u00e4 olevat tiedot sek\u00e4 poistaa henkil\u00f6tietonsa. T\u00e4m\u00e4 tapahtuu kirjautumalla palveluun ja menem\u00e4ll\u00e4 tilitietoihin ja valitsemalla &#8220;yksityisyystoimet&#8221;<\/p>\n<p><strong>10. Tietojen yhdist\u00e4minen<br \/>\n<\/strong><\/p>\n<p>Emme yhdist\u00e4 eri l\u00e4hteist\u00e4 ker\u00e4tty\u00e4 tietoa.<\/p>\n<p><strong>11. Tietojen s\u00e4ilytt\u00e4minen<\/strong><\/p>\n<p>S\u00e4ilyt\u00e4mme k\u00e4ytt\u00e4j\u00e4n tietoja vain niin kauan kuin on tarpeen yll\u00e4 kohdassa 4 m\u00e4\u00e4riteltyjen tarkoitusten toteuttamiseksi kulloinkin voimassaolevan lains\u00e4\u00e4d\u00e4nn\u00f6n mukaisesti. K\u00e4ytt\u00e4j\u00e4tilit s\u00e4ilyv\u00e4t k\u00e4yt\u00f6ss\u00e4 niin kauan kunnes k\u00e4ytt\u00e4j\u00e4 poistaa tilins\u00e4.<\/p>\n<p>[\/vc_column_text][\/vc_column][vc_column width=&#8221;1\/6&#8243;][\/vc_column][\/vc_row]<\/p>\n<\/div>","protected":false},"excerpt":{"rendered":"<p>[vc_row][vc_column width=&#8221;1\/6&#8243;][\/vc_column][vc_column width=&#8221;2\/3&#8243;][vc_empty_space][vc_column_text css=&#8221;&#8221;] K\u00c4YTT\u00d6EHDOT JA TIETOSUOJAK\u00c4YT\u00c4NT\u00d6 [\/vc_column_text][vc_column_text css=&#8221;&#8221;]T\u00e4lt\u00e4 sivulta l\u00f6yd\u00e4t tietosuojak\u00e4yt\u00e4neen joka koskettaa kaikkia palvelun k\u00e4ytt\u00e4ji\u00e4 ja tapahtumanj\u00e4rjest\u00e4ji\u00e4 koskevan rekisteriselosteen sek\u00e4 k\u00e4ytt\u00f6ehdot.[\/vc_column_text][vc_empty_space][\/vc_column][vc_column width=&#8221;1\/6&#8243;][\/vc_column][\/vc_row][vc_row][vc_column width=&#8221;1\/6&#8243;][\/vc_column][vc_column width=&#8221;2\/3&#8243;][vc_column_text css=&#8221;&#8221;] KIRJALLISUUSKALENTERI.FI-PALVELUN K\u00c4YTT\u00d6EHDOT Versio 1, julkaistu 14.10.2024 PALVELUN SIS\u00c4LT\u00d6 JA K\u00c4YTT\u00d6EHDOT Tekstin talon (j\u00e4ljemp\u00e4n\u00e4 &#8220;Palvelun tarjoaja&#8221;) yll\u00e4pit\u00e4m\u00e4 Kirjallisuuskalenteri.fi on keskitetysti yll\u00e4pidetty verkkopalvelu, jota k\u00e4ytet\u00e4\u00e4n internet-selaimella. Palvelu on tarkoitettu kirjallisuus- &hellip;<\/p>\n","protected":false},"author":1,"featured_media":0,"parent":0,"menu_order":0,"comment_status":"closed","ping_status":"closed","template":"","meta":{"footnotes":""},"class_list":["post-1669","page","type-page","status-publish","hentry"],"_links":{"self":[{"href":"https:\/\/kirjallisuuskalenteri.fi\/en\/wp-json\/wp\/v2\/pages\/1669","targetHints":{"allow":["GET"]}}],"collection":[{"href":"https:\/\/kirjallisuuskalenteri.fi\/en\/wp-json\/wp\/v2\/pages"}],"about":[{"href":"https:\/\/kirjallisuuskalenteri.fi\/en\/wp-json\/wp\/v2\/types\/page"}],"author":[{"embeddable":true,"href":"https:\/\/kirjallisuuskalenteri.fi\/en\/wp-json\/wp\/v2\/users\/1"}],"replies":[{"embeddable":true,"href":"https:\/\/kirjallisuuskalenteri.fi\/en\/wp-json\/wp\/v2\/comments?post=1669"}],"version-history":[{"count":2,"href":"https:\/\/kirjallisuuskalenteri.fi\/en\/wp-json\/wp\/v2\/pages\/1669\/revisions"}],"predecessor-version":[{"id":2206,"href":"https:\/\/kirjallisuuskalenteri.fi\/en\/wp-json\/wp\/v2\/pages\/1669\/revisions\/2206"}],"wp:attachment":[{"href":"https:\/\/kirjallisuuskalenteri.fi\/en\/wp-json\/wp\/v2\/media?parent=1669"}],"curies":[{"name":"wp","href":"https:\/\/api.w.org\/{rel}","templated":true}]}}