{"id":283,"date":"2024-07-24T16:27:37","date_gmt":"2024-07-24T14:27:37","guid":{"rendered":"http:\/\/kirjallisuuskalenteri.fi\/publish-new-event\/"},"modified":"2024-10-21T15:05:16","modified_gmt":"2024-10-21T12:05:16","slug":"publish-new-event","status":"publish","type":"page","link":"https:\/\/kirjallisuuskalenteri.fi\/en\/publish-new-event\/","title":{"rendered":"Post an event"},"content":{"rendered":"\r\n<form action=\"\/en\/wp-json\/wp\/v2\/pages\/283\" method=\"post\" id=\"submit-event-form\" class=\"wpem-form-wrapper wpem-main event-manager-form\" enctype=\"multipart\/form-data\">\r\n\t\t<div class=\"wpem-form-group\">\n\t\t<label class=\"wpem-form-label-text\">Have an account?<\/label>\n\t\t<div class=\"field account-sign-in wpem-alert wpem-alert-info\">\n\t\t\t<a href=\"https:\/\/kirjallisuuskalenteri.fi\/wp-login.php\">Sign in<\/a>\n\t\t\t\t\t\t\t You must sign in to create a new listing.\t\t\t\t\t<\/div>\n\t<\/div>\n\t<\/form>\r\n\r\n\r\n\t<div id=\"wpem_add_organizer_popup\" class=\"wpem-modal\" role=\"dialog\" aria-labelledby=\"Add Organizer\">\r\n\t\t<div class=\"wpem-modal-content-wrapper\">\r\n\t\t\t<div class=\"wpem-modal-header\">\r\n\t\t\t\t<div class=\"wpem-modal-header-title\">\r\n\t\t\t\t\t<h3 class=\"wpem-modal-header-title-text\">Add Organizer<\/h3>\r\n\t\t\t\t<\/div>\r\n\t\t\t\t<div class=\"wpem-modal-header-close\"><a href=\"javascript:void(0)\" class=\"wpem-modal-close\" id=\"wpem-modal-close\">x<\/a><\/div>\r\n\t\t\t<\/div>\r\n\t\t\t<div class=\"wpem-modal-content\">\r\n\t\t\t\t<form method=\"post\" id=\"submit-organizer-form\" class=\"wpem-form-wrapper wpem-main event-manager-form\" enctype=\"multipart\/form-data\">\r\n\t\t\t\t\t<h2 class=\"wpem-form-title wpem-heading-text\">Organizer Details<\/h2>\r\n\r\n\t\t\t\t\t\r\n\t\t\t\t\t\t\t\t\t\t\t<fieldset class=\"wpem-form-group fieldset-organizer_name\">\r\n\t\t\t\t\t\t\t<label for=\"organizer_name\">\r\n\t\t\t\t\t\t\tJ\u00e4rjest\u00e4j\u00e4n nimi<span class=\"require-field\">*<\/span>\t\t\t\t\t\t\t<\/label>\r\n\t\t\t\t\t\t\t<div class=\"field required-field\">\r\n\t\t\t\t\t\t\t\t<input type=\"text\" \n    class=\"input-text organizer_name\" \n    name=\"organizer_name\" \n    id=\"organizer_name\" \n    placeholder=\"Enter the name of the organizer\" \n    attribute=\"\" \n    value=\"\" \n    maxlength=\"\" \n    required \n     \n\/>\n\n\t\t\t\t\t\t\t<\/div>\r\n\t\t\t\t\t\t<\/fieldset>\r\n\t\t\t\t\t\t\t\t\t\t\t<fieldset class=\"wpem-form-group fieldset-organizer_logo\">\r\n\t\t\t\t\t\t\t<label for=\"organizer_logo\">\r\n\t\t\t\t\t\t\tLogo <small>(optional)<\/small>\t\t\t\t\t\t\t<\/label>\r\n\t\t\t\t\t\t\t<div class=\"field \">\r\n\t\t\t\t\t\t\t\t\n<div class=\"event-manager-uploaded-files\">\n\t<\/div>\n\n<input type=\"file\" class=\"input-text\" attribute=\"\" data-file_types=\"jpg|jpeg|gif|png\"  name=\"organizer_logo\" id=\"organizer_logo\" placeholder=\"\" \/>\n\n<small class=\"description\">\n\tMaximum file size: 512 MB.<\/small>\t\t\t\t\t\t\t<\/div>\r\n\t\t\t\t\t\t<\/fieldset>\r\n\t\t\t\t\t\t\t\t\t\t\t<fieldset class=\"wpem-form-group fieldset-organizer_description\">\r\n\t\t\t\t\t\t\t<label for=\"organizer_description\">\r\n\t\t\t\t\t\t\tOrganizer Description<span class=\"require-field\">*<\/span>\t\t\t\t\t\t\t<\/label>\r\n\t\t\t\t\t\t\t<div class=\"field required-field\">\r\n\t\t\t\t\t\t\t\t<div id=\"wp-organizer_description-wrap\" class=\"wp-core-ui wp-editor-wrap tmce-active\"><link rel='stylesheet' id='dashicons-css' href='https:\/\/kirjallisuuskalenteri.fi\/wp-includes\/css\/dashicons.min.css?ver=6.9.4' type='text\/css' media='all' \/>\n<link rel='stylesheet' id='editor-buttons-css' href='https:\/\/kirjallisuuskalenteri.fi\/wp-includes\/css\/editor.min.css?ver=6.9.4' type='text\/css' media='all' \/>\n<div id=\"wp-organizer_description-editor-container\" class=\"wp-editor-container\"><textarea class=\"wp-editor-area\" rows=\"8\" autocomplete=\"off\" cols=\"40\" name=\"organizer_description\" id=\"organizer_description\"><\/textarea><\/div>\n<\/div>\n\n\t\t\t\t\t\t\t<\/div>\r\n\t\t\t\t\t\t<\/fieldset>\r\n\t\t\t\t\t\t\t\t\t\t\t<fieldset class=\"wpem-form-group fieldset-organizer_country\">\r\n\t\t\t\t\t\t\t<label for=\"organizer_country\">\r\n\t\t\t\t\t\t\tCountry<span class=\"require-field\">*<\/span>\t\t\t\t\t\t\t<\/label>\r\n\t\t\t\t\t\t\t<div class=\"field required-field\">\r\n\t\t\t\t\t\t\t\t<select name=\"organizer_country\" id=\"organizer_country\" required attribute=\"\">\n\n\t\t\t<option value=\"fi\" >Finland<\/option>\n\t\n<\/select>\n\n\t\t\t\t\t\t\t<\/div>\r\n\t\t\t\t\t\t<\/fieldset>\r\n\t\t\t\t\t\t\t\t\t\t\t<fieldset class=\"wpem-form-group fieldset-organizer_website\">\r\n\t\t\t\t\t\t\t<label for=\"organizer_website\">\r\n\t\t\t\t\t\t\tWebsite <small>(optional)<\/small>\t\t\t\t\t\t\t<\/label>\r\n\t\t\t\t\t\t\t<div class=\"field \">\r\n\t\t\t\t\t\t\t\t<input type=\"text\" \n    class=\"input-text organizer_website\" \n    name=\"organizer_website\" \n    id=\"organizer_website\" \n    placeholder=\"Website URL e.g http:\/\/www.yourorganization.com\" \n    attribute=\"\" \n    value=\"\" \n    maxlength=\"\" \n     \n     \n\/>\n\n\t\t\t\t\t\t\t<\/div>\r\n\t\t\t\t\t\t<\/fieldset>\r\n\t\t\t\t\t\t\t\t\t\t\t<fieldset class=\"wpem-form-group fieldset-organizer_facebook\">\r\n\t\t\t\t\t\t\t<label for=\"organizer_facebook\">\r\n\t\t\t\t\t\t\tFacebook <small>(optional)<\/small>\t\t\t\t\t\t\t<\/label>\r\n\t\t\t\t\t\t\t<div class=\"field \">\r\n\t\t\t\t\t\t\t\t<input type=\"text\" \n    class=\"input-text organizer_facebook\" \n    name=\"organizer_facebook\" \n    id=\"organizer_facebook\" \n    placeholder=\"Facebook URL e.g http:\/\/www.facebook.com\/yourorganizer\" \n    attribute=\"\" \n    value=\"\" \n    maxlength=\"\" \n     \n     \n\/>\n\n\t\t\t\t\t\t\t<\/div>\r\n\t\t\t\t\t\t<\/fieldset>\r\n\t\t\t\t\t\t\t\t\t\t\t<fieldset class=\"wpem-form-group fieldset-organizer_instagram\">\r\n\t\t\t\t\t\t\t<label for=\"organizer_instagram\">\r\n\t\t\t\t\t\t\tInstagram <small>(optional)<\/small>\t\t\t\t\t\t\t<\/label>\r\n\t\t\t\t\t\t\t<div class=\"field \">\r\n\t\t\t\t\t\t\t\t<input type=\"text\" \n    class=\"input-text organizer_instagram\" \n    name=\"organizer_instagram\" \n    id=\"organizer_instagram\" \n    placeholder=\"Instagram URL e.g http:\/\/www.instagram.com\/yourorganizer\" \n    attribute=\"\" \n    value=\"\" \n    maxlength=\"\" \n     \n     \n\/>\n\n\t\t\t\t\t\t\t<\/div>\r\n\t\t\t\t\t\t<\/fieldset>\r\n\t\t\t\t\t\t\t\t\t\t\t<fieldset class=\"wpem-form-group fieldset-organizer_youtube\">\r\n\t\t\t\t\t\t\t<label for=\"organizer_youtube\">\r\n\t\t\t\t\t\t\tYoutube <small>(optional)<\/small>\t\t\t\t\t\t\t<\/label>\r\n\t\t\t\t\t\t\t<div class=\"field \">\r\n\t\t\t\t\t\t\t\t<input type=\"text\" \n    class=\"input-text organizer_youtube\" \n    name=\"organizer_youtube\" \n    id=\"organizer_youtube\" \n    placeholder=\"Youtube Channel URL e.g http:\/\/www.youtube.com\/channel\/yourorganizer\" \n    attribute=\"\" \n    value=\"\" \n    maxlength=\"\" \n     \n     \n\/>\n\n\t\t\t\t\t\t\t<\/div>\r\n\t\t\t\t\t\t<\/fieldset>\r\n\t\t\t\t\t\t\t\t\t\t\t<fieldset class=\"wpem-form-group fieldset-organizer_twitter\">\r\n\t\t\t\t\t\t\t<label for=\"organizer_twitter\">\r\n\t\t\t\t\t\t\tTwitter <small>(optional)<\/small>\t\t\t\t\t\t\t<\/label>\r\n\t\t\t\t\t\t\t<div class=\"field \">\r\n\t\t\t\t\t\t\t\t<input type=\"text\" \n    class=\"input-text organizer_twitter\" \n    name=\"organizer_twitter\" \n    id=\"organizer_twitter\" \n    placeholder=\"Twitter URL e.g http:\/\/twitter.com\/yourorganizer\" \n    attribute=\"\" \n    value=\"\" \n    maxlength=\"\" \n     \n     \n\/>\n\n\t\t\t\t\t\t\t<\/div>\r\n\t\t\t\t\t\t<\/fieldset>\r\n\t\t\t\t\t\t\t\t\t\t\r\n\t\t\t\t\t<div class=\"wpem-form-footer\">\r\n\t\t\t\t\t\t<input type=\"hidden\" id=\"wpem_add_organizer_nonce\" name=\"wpem_add_organizer_nonce\" value=\"3096499858\" \/><input type=\"hidden\" name=\"_wp_http_referer\" value=\"\/en\/wp-json\/wp\/v2\/pages\/283\" \/>\t\t\t\t\t\t<input type=\"hidden\" name=\"organizer_id\" value=\"0\">\r\n\t\t\t\t\t\t<input type=\"hidden\" name=\"step\" value=\"0\">\r\n\t\t\t\t\t\t<input type=\"button\" name=\"submit_organizer\" class=\"wpem-theme-button wpem_add_organizer\" value=\"Add Organizer\" \/>\r\n\t\t\t\t\t\t<div id=\"oragnizer_message\"><\/div>\r\n\t\t\t\t\t<\/div>\r\n\t\t\t\t<\/form>\r\n\t\t\t<\/div>\r\n\t\t<\/div>\r\n\t\t<a href=\"#\">\r\n\t\t\t<div class=\"wpem-modal-overlay\"><\/div>\r\n\t\t<\/a>\r\n\t<\/div>\r\n\n","protected":false},"excerpt":{"rendered":"Have an account? Sign in You must sign in to create a new listing. Add Organizer x Organizer Details J\u00e4rjest\u00e4j\u00e4n nimi* Logo (optional) Maximum file size: 512 MB. Organizer Description* Country* Finland Website (optional) Facebook (optional) Instagram (optional) Youtube (optional) Twitter (optional)","protected":false},"author":1,"featured_media":0,"parent":0,"menu_order":0,"comment_status":"closed","ping_status":"closed","template":"","meta":{"footnotes":""},"class_list":["post-283","page","type-page","status-publish","hentry"],"_links":{"self":[{"href":"https:\/\/kirjallisuuskalenteri.fi\/en\/wp-json\/wp\/v2\/pages\/283","targetHints":{"allow":["GET"]}}],"collection":[{"href":"https:\/\/kirjallisuuskalenteri.fi\/en\/wp-json\/wp\/v2\/pages"}],"about":[{"href":"https:\/\/kirjallisuuskalenteri.fi\/en\/wp-json\/wp\/v2\/types\/page"}],"author":[{"embeddable":true,"href":"https:\/\/kirjallisuuskalenteri.fi\/en\/wp-json\/wp\/v2\/users\/1"}],"replies":[{"embeddable":true,"href":"https:\/\/kirjallisuuskalenteri.fi\/en\/wp-json\/wp\/v2\/comments?post=283"}],"version-history":[{"count":1,"href":"https:\/\/kirjallisuuskalenteri.fi\/en\/wp-json\/wp\/v2\/pages\/283\/revisions"}],"predecessor-version":[{"id":1590,"href":"https:\/\/kirjallisuuskalenteri.fi\/en\/wp-json\/wp\/v2\/pages\/283\/revisions\/1590"}],"wp:attachment":[{"href":"https:\/\/kirjallisuuskalenteri.fi\/en\/wp-json\/wp\/v2\/media?parent=283"}],"curies":[{"name":"wp","href":"https:\/\/api.w.org\/{rel}","templated":true}]}}