{"id":1404,"date":"2024-10-16T18:05:17","date_gmt":"2024-10-16T15:05:17","guid":{"rendered":"https:\/\/kirjallisuuskalenteri.fi\/om-oss-kontakta-oss\/"},"modified":"2024-11-05T13:40:16","modified_gmt":"2024-11-05T10:40:16","slug":"om-oss-kontakta-oss","status":"publish","type":"page","link":"https:\/\/kirjallisuuskalenteri.fi\/sv\/om-oss-kontakta-oss\/","title":{"rendered":"Om oss"},"content":{"rendered":"<div class=\"wpb-content-wrapper\"><p>[vc_row][vc_column width=&#8221;1\/6&#8243;][\/vc_column][vc_column width=&#8221;2\/3&#8243;][vc_empty_space][vc_single_image image=&#8221;310&#8243; img_size=&#8221;full&#8221; alignment=&#8221;center&#8221;][vc_empty_space height=&#8221;100px&#8221;][vc_column_text css=&#8221;&#8221;]<\/p>\n<h1>LITTERATURKALENDERN \u00c4R <em>BOKM\u00c4NNISKORNAS <\/em>NYA <em>FAVORITPLATS<\/em><\/h1>\n<p>[\/vc_column_text][vc_empty_space][vc_column_text css=&#8221;&#8221;]<span data-contrast=\"auto\">Kirjallisuuskalenteri.fi samlar alla evenemang inom litteratur- och textbranschen i Finland p\u00e5 en plats. M\u00e5let \u00e4r att g\u00f6ra det l\u00e4ttare att ge information om evenemang, \u00f6ka allm\u00e4nhetens intresse och ut\u00f6ka publiken inom text- och litteraturbranschen. <\/span><\/p>\n<p><span data-contrast=\"auto\">I och med den nya litteraturkalendern f\u00e5r evenemangsorganisat\u00f6rerna mer synlighet f\u00f6r sina evenemang och en ny informationskanal. M\u00e5lgruppen f\u00f6r litteraturkalendern \u00e4r bred och omfattar olika organisat\u00f6rer av evenemang och utbildningar som g\u00e4ller litteratur och text, s\u00e5som litteraturf\u00f6reningar, f\u00f6rlag, bibliotek, ordkonstskolor, folkh\u00f6gskolor och kulturinstitut som alla kan anv\u00e4nda litteraturkalendern f\u00f6r att informera om och marknadsf\u00f6ra sina egna evenemang. Det kostar inget f\u00f6r evenemangsorganisat\u00f6rer att informera om evenemangen. <\/span><\/p>\n<p><span data-contrast=\"auto\">Litteraturkalendern erbjuder allm\u00e4nheten en port till ett intressant litteratur- och textbaserat evenemangs- och utbildningsutbud. Kalenderwebbplatsen inneh\u00e5ller f\u00f6rutom evenemangsannonser \u00e4ven bland annat evenemangsrapporter och f\u00f6rfattar- och organisat\u00f6rspresentationer som hj\u00e4lper allm\u00e4nheten att hitta intressanta inneh\u00e5ll. <\/span><\/p>\n<p><span data-contrast=\"auto\">Kirjallisuuskalenteri.fi \u00e4r en del av ett riksomfattande utvecklingsprojekt inom textbranschen som genomf\u00f6rs av Textens hus. <\/span><\/p>\n<p><span data-contrast=\"auto\">Textens hus \u00e4r en ny litter\u00e4r gemenskap och ett textkulturcentrum som ligger i Helsingfors. I huset finns ett stort antal kulturorganisationer och d\u00e4r ordnas m\u00e5nga olika slags kulturevenemang. <\/span>[\/vc_column_text][vc_empty_space][vc_single_image image=&#8221;1595&#8243; img_size=&#8221;full&#8221; alignment=&#8221;center&#8221;][vc_empty_space][vc_column_text css=&#8221;&#8221;]<span data-contrast=\"auto\">Finansieras av Europeiska unionen \u2013 NextGenerationEU<\/span>[\/vc_column_text][vc_empty_space][\/vc_column][vc_column width=&#8221;1\/6&#8243;][\/vc_column][\/vc_row][vc_row][vc_column][vc_separator accent_color=&#8221;#000000&#8243;][\/vc_column][\/vc_row][vc_row el_id=&#8221;otayhteytta&#8221;][vc_column width=&#8221;1\/6&#8243;][\/vc_column][vc_column width=&#8221;2\/3&#8243;][vc_empty_space][vc_column_text css=&#8221;&#8221;]<\/p>\n<h1>KONTAKTA <em>OSS<\/em><\/h1>\n<p>[\/vc_column_text][vc_empty_space][vc_column_text css=&#8221;&#8221;]<\/p>\n<p style=\"text-align: center;\">\n<div class=\"wpcf7 no-js\" id=\"wpcf7-f1860-o1\" lang=\"en-US\" dir=\"ltr\" data-wpcf7-id=\"1860\">\n<div class=\"screen-reader-response\"><p role=\"status\" aria-live=\"polite\" aria-atomic=\"true\"><\/p> <ul><\/ul><\/div>\n<form action=\"\/sv\/wp-json\/wp\/v2\/pages\/1404#wpcf7-f1860-o1\" method=\"post\" class=\"wpcf7-form init\" aria-label=\"Contact form\" novalidate=\"novalidate\" data-status=\"init\">\n<fieldset class=\"hidden-fields-container\"><input type=\"hidden\" name=\"_wpcf7\" value=\"1860\" \/><input type=\"hidden\" name=\"_wpcf7_version\" value=\"6.1.5\" \/><input type=\"hidden\" name=\"_wpcf7_locale\" value=\"en_US\" \/><input type=\"hidden\" name=\"_wpcf7_unit_tag\" value=\"wpcf7-f1860-o1\" \/><input type=\"hidden\" name=\"_wpcf7_container_post\" value=\"0\" \/><input type=\"hidden\" name=\"_wpcf7_posted_data_hash\" value=\"\" \/>\n<\/fieldset>\n<p><label> Ditt namn*<br \/>\n<span class=\"wpcf7-form-control-wrap\" data-name=\"your-name\"><input size=\"40\" maxlength=\"400\" class=\"wpcf7-form-control wpcf7-text wpcf7-validates-as-required\" aria-required=\"true\" aria-invalid=\"false\" value=\"\" type=\"text\" name=\"your-name\" \/><\/span> <\/label>\n<\/p>\n<p><label> Din e-post*<br \/>\n<span class=\"wpcf7-form-control-wrap\" data-name=\"your-email\"><input size=\"40\" maxlength=\"400\" class=\"wpcf7-form-control wpcf7-email wpcf7-validates-as-required wpcf7-text wpcf7-validates-as-email\" aria-required=\"true\" aria-invalid=\"false\" value=\"\" type=\"email\" name=\"your-email\" \/><\/span> <\/label>\n<\/p>\n<p><label> Titel<br \/>\n<span class=\"wpcf7-form-control-wrap\" data-name=\"your-subject\"><input size=\"40\" maxlength=\"400\" class=\"wpcf7-form-control wpcf7-text\" aria-invalid=\"false\" value=\"\" type=\"text\" name=\"your-subject\" \/><\/span> <\/label>\n<\/p>\n<p><label> Ditt meddelande<br \/>\n<span class=\"wpcf7-form-control-wrap\" data-name=\"your-message\"><textarea cols=\"40\" rows=\"10\" maxlength=\"2000\" class=\"wpcf7-form-control wpcf7-textarea\" aria-invalid=\"false\" name=\"your-message\"><\/textarea><\/span> <\/label>\n<\/p>\n<p><input class=\"wpcf7-form-control wpcf7-submit has-spinner\" type=\"submit\" value=\"Skicka\" \/>\n<\/p><div class=\"wpcf7-response-output\" aria-hidden=\"true\"><\/div>\n<\/form>\n<\/div>\n<p>[\/vc_column_text][vc_empty_space][\/vc_column][vc_column width=&#8221;1\/6&#8243;][\/vc_column][\/vc_row][vc_row][vc_column][vc_empty_space height=&#8221;50px&#8221;][\/vc_column][\/vc_row]<\/p>\n<\/div>","protected":false},"excerpt":{"rendered":"<p>[vc_row][vc_column width=&#8221;1\/6&#8243;][\/vc_column][vc_column width=&#8221;2\/3&#8243;][vc_empty_space][vc_single_image image=&#8221;310&#8243; img_size=&#8221;full&#8221; alignment=&#8221;center&#8221;][vc_empty_space height=&#8221;100px&#8221;][vc_column_text css=&#8221;&#8221;] LITTERATURKALENDERN \u00c4R BOKM\u00c4NNISKORNAS NYA FAVORITPLATS [\/vc_column_text][vc_empty_space][vc_column_text css=&#8221;&#8221;]Kirjallisuuskalenteri.fi samlar alla evenemang inom litteratur- och textbranschen i Finland p\u00e5 en plats. M\u00e5let \u00e4r att g\u00f6ra det l\u00e4ttare att ge information om evenemang, \u00f6ka allm\u00e4nhetens intresse och ut\u00f6ka publiken inom text- och litteraturbranschen. I och med den nya litteraturkalendern f\u00e5r &hellip;<\/p>\n","protected":false},"author":2,"featured_media":0,"parent":0,"menu_order":0,"comment_status":"closed","ping_status":"closed","template":"","meta":{"footnotes":""},"class_list":["post-1404","page","type-page","status-publish","hentry"],"_links":{"self":[{"href":"https:\/\/kirjallisuuskalenteri.fi\/sv\/wp-json\/wp\/v2\/pages\/1404","targetHints":{"allow":["GET"]}}],"collection":[{"href":"https:\/\/kirjallisuuskalenteri.fi\/sv\/wp-json\/wp\/v2\/pages"}],"about":[{"href":"https:\/\/kirjallisuuskalenteri.fi\/sv\/wp-json\/wp\/v2\/types\/page"}],"author":[{"embeddable":true,"href":"https:\/\/kirjallisuuskalenteri.fi\/sv\/wp-json\/wp\/v2\/users\/2"}],"replies":[{"embeddable":true,"href":"https:\/\/kirjallisuuskalenteri.fi\/sv\/wp-json\/wp\/v2\/comments?post=1404"}],"version-history":[{"count":18,"href":"https:\/\/kirjallisuuskalenteri.fi\/sv\/wp-json\/wp\/v2\/pages\/1404\/revisions"}],"predecessor-version":[{"id":2019,"href":"https:\/\/kirjallisuuskalenteri.fi\/sv\/wp-json\/wp\/v2\/pages\/1404\/revisions\/2019"}],"wp:attachment":[{"href":"https:\/\/kirjallisuuskalenteri.fi\/sv\/wp-json\/wp\/v2\/media?parent=1404"}],"curies":[{"name":"wp","href":"https:\/\/api.w.org\/{rel}","templated":true}]}}