{"id":1413,"date":"2024-10-16T18:40:46","date_gmt":"2024-10-16T15:40:46","guid":{"rendered":"https:\/\/kirjallisuuskalenteri.fi\/tillganglighetsutlatande\/"},"modified":"2024-10-24T10:27:47","modified_gmt":"2024-10-24T07:27:47","slug":"tillganglighetsutlatande","status":"publish","type":"page","link":"https:\/\/kirjallisuuskalenteri.fi\/sv\/tillganglighetsutlatande\/","title":{"rendered":"TILLG\u00c4NGLIGHETSUTL\u00c5TANDE"},"content":{"rendered":"\n<p><p><\/p><h1>Saavutettavuusseloste<\/h1>\n<p>T\u00e4m\u00e4 on Tekstintalon kirjallisuuskalenteri.fi-verkkosivuston saavutettavuusseloste, joka on laadittu alun perin 20.10.2024. Kirjallisuuskalenteri.fi-verkkosivujen pit\u00e4\u00e4 olla digipalvelulain saavutettavuusvaatimusten mukaisia. Saavutettavuusselosteessa kerromme palvelujemme saavutettavuudesta ja saavutettavuuspalautteen antamisesta.  <\/p><\/p>\n\n\n<h2 class=\"nm-block-heading wp-block-heading\">Ei-saavutettava sis\u00e4lt\u00f6:<\/h2>\n<ol>\n<li>(WCAG 4.1.2) CAPTCHA-kuvavarmennukseen liittyv\u00e4n sy\u00f6tekent\u00e4 ei ole saavutettava.<\/li>\n<li>(WCAG 4.1.2, 1.3.1, 4.1.3) Etusivun tapahtumien suodatus ei ole kaikilta osin saavutettava. Ruudunlukijak\u00e4ytt\u00e4j\u00e4 ei saa tarpeeksi tietoa tulosten p\u00e4ivittymisest\u00e4.<\/li>\n<li>(WCAG 2.1.1, 2.4.3, 4.1.2) Etusivun tapahtumien suodatus ei ole kaikilta osin saavutettava. Ruudunlukija ei saa tarpeeksi tietoa vaihtoehdoista ja mahdolista niiden valintaa.<\/li>\n<li>(WCAG <span class=\"secno\">3.1.2<\/span>) Tapahtumien sek\u00e4 tapahtumanj\u00e4rjest\u00e4jien profiilisivuilla kieli sy\u00f6tetyn sis\u00e4ll\u00f6n kieli ei v\u00e4ltt\u00e4m\u00e4tt\u00e4 vastaa sivuston koneellista kielim\u00e4\u00e4rityst\u00e4.<\/li>\n<li>(WCAG <span class=\"secno\">3.1.2<\/span>) Yksitt\u00e4isen tapahtuma n\u00e4kym\u00e4ss\u00e4 sis\u00e4ll\u00f6n ja rakenteen kieli vaihtelee, eik\u00e4 niiden voida tunnistaa koneellisesti<\/li>\n<li>(WCAG <span class=\"secno\">4.1.2<\/span>) Tapahtumien sy\u00f6tt\u00e4misen ja muokkaamisen kentiss\u00e4 osa ei toimi ruudunlukijalla. Ruudunlukija ei saa tarpeeksi tietoa vaihtoehdoista ja mahdolista niiden valintaa.<\/li>\n<li>(WCAG <span class=\"secno\">4.1.2<\/span>) Omat tapahtumat sivulla tapahtumien suodattamisen ohjeistus ei ole riitt\u00e4v\u00e4 ruudunlukijalle.<\/li>\n<li>(WCAG <span class=\"secno\">4.1.2<\/span>) Tilitiedot sivulla lomakkeen ohjeistus ei kaikin osin ole riitt\u00e4v\u00e4 ruudunlukijalle.<\/li>\n<li>(WCAG <span class=\"secno\">4.1.2<\/span>) Kirjautumistiedot sivulla lomakkeen ohjeistus ei kaikin osin ole riitt\u00e4v\u00e4 ruudunlukijalle.<\/li>\n<li>(WCAG <span class=\"secno\">4.1.2<\/span>) Yksityissyystoimet ja tilin poistamis sivuilla lomakkeen ohjeistus ei kaikin osin ole riitt\u00e4v\u00e4 ruudunlukijalle.<\/li>\n<\/ol>\n\n\n<h2 class=\"nm-block-heading wp-block-heading\">Huomasitko saavutettavuusongelman sivustossamme?<\/h2>\n\n\n\n<p>Voit antaa saavutettavuuspalautetta s\u00e4hk\u00f6postitse tuki@tekstintalo.fi. Otsikoi viestisi (Saavutettavuuspalautetta) ja kerro viestiss\u00e4si, mist\u00e4 sivusta ja millaisesta ongelmasta on kyse. Vastauksessa voi menn\u00e4 14 p\u00e4iv\u00e4\u00e4.<\/p>\n\n\n\n<h2 class=\"nm-block-heading wp-block-heading\">Kohtuuton rasite<\/h2>\n\n\n\n<p><p>Kirjallisuuskalenteri.fi -sivustolla julkaistaan vuodessa runsaasti tapahtumia ja niihin liityvi\u00e4 sis\u00e4lt\u00f6j\u00e4 kolmannen tahon toimesta. Kolmannen tahon julkaisemia sis\u00e4lt\u00f6j\u00e4 emme pysty julkaisemaan sivuston kolmella kielell\u00e4. Sivustolla tapahtumat ja niiden kategoriointi on toteutettu ilman k\u00e4\u00e4nn\u00f6ksi\u00e4, jotta eri kielisi\u00e4 tapahtumia voidaan hakea saman n\u00e4kym\u00e4n kautta. T\u00e4m\u00e4n takia k\u00e4ytt\u00f6liittym\u00e4n kieliversiointi on vajavaista tapahtumasivuilla ja osittain tapahtumien kategorisoinnissa. Syyn\u00e4 osittaiseen toteutukseen on kohtuuton rasite.    <\/p>\n\n<p>Sivuston tapahtuman j\u00e4rjest\u00e4jille tarkoitetut toiminnallisuudet sis\u00e4lt\u00e4v\u00e4t useita lomakkeita, joista osa ei ole kaikilta osin saavutettavissa. N\u00e4iden toiminnallisuuksien toteutus on rakentuu kolmannen tahon koodiin, jota sivuston yll\u00e4pidett\u00e4vyyden takia ei ole l\u00e4hdetty muokkaamaan. Syyn\u00e4 osittaiseen toteutukseen on kohtuuton rasite.  <\/p><\/p>\n\n\n\n<h2 class=\"nm-block-heading wp-block-heading\">T\u00e4yt\u00e4nt\u00f6\u00f6npanomenettely<\/h2>\n\n\n\n<p>Jos et ole tyytyv\u00e4inen saamaasi vastaukseen tai et saa vastausta lainkaan kahden viikon aikana, <a href=\"https:\/\/www.saavutettavuusvaatimukset.fi\/oikeutesi\/\" target=\"_blank\" rel=\"noreferrer noopener\">voit tehd\u00e4 ilmoituksen Etel\u00e4-Suomen aluehallintovirastoon<\/a>. Etel\u00e4-Suomen aluehallintoviraston sivulla kerrotaan tarkasti, miten ilmoituksen voi tehd\u00e4 ja miten asia k\u00e4sitell\u00e4\u00e4n. <\/p>\n\n\n\n<h2 class=\"nm-block-heading wp-block-heading\">Valvontaviranomaisen yhteystiedot<\/h2>\n\n\n\n<p>Etel\u00e4-Suomen aluehallintovirasto<\/p>\n\n\n\n<p>Saavutettavuuden valvonnan yksikk\u00f6<\/p>\n\n\n\n<p><a href=\"https:\/\/www.saavutettavuusvaatimukset.fi\" target=\"_blank\" rel=\"noreferrer noopener\">www.saavutettavuusvaatimukset.fi<\/a><\/p>\n\n\n\n<p><a href=\"mailto:saavutettavuus@avi.fi\">saavutettavuus@avi.fi<\/a><\/p>\n\n\n\n<p>puhelinnumero vaihde 0295 016 000<\/p>\n\n\n\n<p>&nbsp;<\/p>\n\n\n","protected":false},"excerpt":{"rendered":"<p>Saavutettavuusseloste T\u00e4m\u00e4 on Tekstintalon kirjallisuuskalenteri.fi-verkkosivuston saavutettavuusseloste, joka on laadittu alun perin 20.10.2024. Kirjallisuuskalenteri.fi-verkkosivujen pit\u00e4\u00e4 olla digipalvelulain saavutettavuusvaatimusten mukaisia. Saavutettavuusselosteessa kerromme palvelujemme saavutettavuudesta ja saavutettavuuspalautteen antamisesta. Ei-saavutettava sis\u00e4lt\u00f6: (WCAG 4.1.2) CAPTCHA-kuvavarmennukseen liittyv\u00e4n sy\u00f6tekent\u00e4 ei ole saavutettava. (WCAG 4.1.2, 1.3.1, 4.1.3) Etusivun tapahtumien suodatus ei ole kaikilta osin saavutettava. Ruudunlukijak\u00e4ytt\u00e4j\u00e4 ei saa tarpeeksi tietoa tulosten p\u00e4ivittymisest\u00e4. (WCAG &hellip;<\/p>\n","protected":false},"author":1,"featured_media":0,"parent":0,"menu_order":0,"comment_status":"closed","ping_status":"closed","template":"","meta":{"footnotes":""},"class_list":["post-1413","page","type-page","status-publish","hentry"],"_links":{"self":[{"href":"https:\/\/kirjallisuuskalenteri.fi\/sv\/wp-json\/wp\/v2\/pages\/1413","targetHints":{"allow":["GET"]}}],"collection":[{"href":"https:\/\/kirjallisuuskalenteri.fi\/sv\/wp-json\/wp\/v2\/pages"}],"about":[{"href":"https:\/\/kirjallisuuskalenteri.fi\/sv\/wp-json\/wp\/v2\/types\/page"}],"author":[{"embeddable":true,"href":"https:\/\/kirjallisuuskalenteri.fi\/sv\/wp-json\/wp\/v2\/users\/1"}],"replies":[{"embeddable":true,"href":"https:\/\/kirjallisuuskalenteri.fi\/sv\/wp-json\/wp\/v2\/comments?post=1413"}],"version-history":[{"count":4,"href":"https:\/\/kirjallisuuskalenteri.fi\/sv\/wp-json\/wp\/v2\/pages\/1413\/revisions"}],"predecessor-version":[{"id":1852,"href":"https:\/\/kirjallisuuskalenteri.fi\/sv\/wp-json\/wp\/v2\/pages\/1413\/revisions\/1852"}],"wp:attachment":[{"href":"https:\/\/kirjallisuuskalenteri.fi\/sv\/wp-json\/wp\/v2\/media?parent=1413"}],"curies":[{"name":"wp","href":"https:\/\/api.w.org\/{rel}","templated":true}]}}