{"id":1644,"date":"2024-10-22T01:52:42","date_gmt":"2024-10-21T22:52:42","guid":{"rendered":"https:\/\/kirjallisuuskalenteri.fi\/till-evenemangsorganisatorer\/"},"modified":"2024-10-22T01:52:42","modified_gmt":"2024-10-21T22:52:42","slug":"till-evenemangsorganisatorer","status":"publish","type":"page","link":"https:\/\/kirjallisuuskalenteri.fi\/sv\/till-evenemangsorganisatorer\/","title":{"rendered":"Till evenemangsorganisat\u00f6rer"},"content":{"rendered":"\n<p>Instruktioner f\u00f6r evenemangsorganisat\u00f6rer <\/p>\n\n<p><\/p>\n\n<h2 class=\"nm-block-heading wp-block-heading\" id=\"mainostus\">Instruktioner om annonsering p\u00e5 webbplatsen. <\/h2>\n","protected":false},"excerpt":{"rendered":"<p>Instruktioner f\u00f6r evenemangsorganisat\u00f6rer Instruktioner om annonsering p\u00e5 webbplatsen.<\/p>\n","protected":false},"author":1,"featured_media":0,"parent":0,"menu_order":0,"comment_status":"closed","ping_status":"closed","template":"","meta":{"footnotes":""},"class_list":["post-1644","page","type-page","status-publish","hentry"],"_links":{"self":[{"href":"https:\/\/kirjallisuuskalenteri.fi\/sv\/wp-json\/wp\/v2\/pages\/1644","targetHints":{"allow":["GET"]}}],"collection":[{"href":"https:\/\/kirjallisuuskalenteri.fi\/sv\/wp-json\/wp\/v2\/pages"}],"about":[{"href":"https:\/\/kirjallisuuskalenteri.fi\/sv\/wp-json\/wp\/v2\/types\/page"}],"author":[{"embeddable":true,"href":"https:\/\/kirjallisuuskalenteri.fi\/sv\/wp-json\/wp\/v2\/users\/1"}],"replies":[{"embeddable":true,"href":"https:\/\/kirjallisuuskalenteri.fi\/sv\/wp-json\/wp\/v2\/comments?post=1644"}],"version-history":[{"count":1,"href":"https:\/\/kirjallisuuskalenteri.fi\/sv\/wp-json\/wp\/v2\/pages\/1644\/revisions"}],"predecessor-version":[{"id":1645,"href":"https:\/\/kirjallisuuskalenteri.fi\/sv\/wp-json\/wp\/v2\/pages\/1644\/revisions\/1645"}],"wp:attachment":[{"href":"https:\/\/kirjallisuuskalenteri.fi\/sv\/wp-json\/wp\/v2\/media?parent=1644"}],"curies":[{"name":"wp","href":"https:\/\/api.w.org\/{rel}","templated":true}]}}